{"id":2,"date":"2024-10-09T11:09:29","date_gmt":"2024-10-09T11:09:29","guid":{"rendered":"https:\/\/jatorymas.rkinformatika.online\/?page_id=2"},"modified":"2025-03-17T16:43:21","modified_gmt":"2025-03-17T16:43:21","slug":"inicio","status":"publish","type":"page","link":"https:\/\/kbarbershop.es\/eu\/","title":{"rendered":"Hasiera"},"content":{"rendered":"\t\t<div data-elementor-type=\"wp-page\" data-elementor-id=\"2\" class=\"elementor elementor-2\" data-elementor-post-type=\"page\">\n\t\t\t\t\t\t<section class=\"elementor-section elementor-top-section elementor-element elementor-element-5f6402af elementor-section-stretched elementor-section-boxed elementor-section-height-default elementor-section-height-default elementor-invisible\" data-id=\"5f6402af\" data-element_type=\"section\" data-e-type=\"section\" data-settings=\"{&quot;stretch_section&quot;:&quot;section-stretched&quot;,&quot;background_background&quot;:&quot;slideshow&quot;,&quot;background_slideshow_gallery&quot;:[{&quot;id&quot;:1888,&quot;url&quot;:&quot;https:\\\/\\\/kbarbershop.es\\\/wp-content\\\/uploads\\\/2025\\\/03\\\/Captura-desde-2025-03-05-10-20-21.png&quot;},{&quot;id&quot;:1890,&quot;url&quot;:&quot;https:\\\/\\\/kbarbershop.es\\\/wp-content\\\/uploads\\\/2025\\\/03\\\/Captura-desde-2025-03-05-10-21-38.png&quot;},{&quot;id&quot;:1891,&quot;url&quot;:&quot;https:\\\/\\\/kbarbershop.es\\\/wp-content\\\/uploads\\\/2025\\\/03\\\/Captura-desde-2025-03-05-10-22-06.png&quot;},{&quot;id&quot;:1893,&quot;url&quot;:&quot;https:\\\/\\\/kbarbershop.es\\\/wp-content\\\/uploads\\\/2025\\\/03\\\/Captura-desde-2025-03-05-10-22-39.png&quot;},{&quot;id&quot;:1894,&quot;url&quot;:&quot;https:\\\/\\\/kbarbershop.es\\\/wp-content\\\/uploads\\\/2025\\\/03\\\/Captura-desde-2025-03-05-10-23-07.png&quot;}],&quot;background_slideshow_lazyload&quot;:&quot;yes&quot;,&quot;background_slideshow_ken_burns&quot;:&quot;yes&quot;,&quot;animation&quot;:&quot;fadeIn&quot;,&quot;background_slideshow_loop&quot;:&quot;yes&quot;,&quot;background_slideshow_slide_duration&quot;:5000,&quot;background_slideshow_slide_transition&quot;:&quot;fade&quot;,&quot;background_slideshow_transition_duration&quot;:500,&quot;background_slideshow_ken_burns_zoom_direction&quot;:&quot;in&quot;}\">\n\t\t\t\t\t\t\t<div class=\"elementor-background-overlay\"><\/div>\n\t\t\t\t\t\t\t<div class=\"elementor-container elementor-column-gap-default\">\n\t\t\t\t\t<div class=\"elementor-column elementor-col-50 elementor-top-column elementor-element elementor-element-4595f451\" data-id=\"4595f451\" data-element_type=\"column\" data-e-type=\"column\">\n\t\t\t<div class=\"elementor-widget-wrap elementor-element-populated\">\n\t\t\t\t\t\t<div class=\"elementor-element elementor-element-2dd4b01 elementor-invisible elementor-widget elementor-widget-heading\" data-id=\"2dd4b01\" data-element_type=\"widget\" data-e-type=\"widget\" data-settings=\"{&quot;_animation&quot;:&quot;fadeInLeft&quot;}\" data-widget_type=\"heading.default\">\n\t\t\t\t<div class=\"elementor-widget-container\">\n\t\t\t\t\t<h1 class=\"elementor-heading-title elementor-size-default\">Bienvenidos a KB Barber Shop<\/h1>\t\t\t\t<\/div>\n\t\t\t\t<\/div>\n\t\t\t\t<div class=\"elementor-element elementor-element-490f61e elementor-invisible elementor-widget elementor-widget-text-editor\" data-id=\"490f61e\" data-element_type=\"widget\" data-e-type=\"widget\" data-settings=\"{&quot;_animation&quot;:&quot;fadeInRight&quot;}\" data-widget_type=\"text-editor.default\">\n\t\t\t\t<div class=\"elementor-widget-container\">\n\t\t\t\t\t\t\t\t\t<p>\u00a1Renueva tu estilo! Ven ahora a KB Barber Shop\u00a0y asegura tu look.<\/p>\t\t\t\t\t\t\t\t<\/div>\n\t\t\t\t<\/div>\n\t\t\t\t<div class=\"elementor-element elementor-element-68b40706 elementor-widget__width-auto elementor-mobile-align-justify elementor-widget-mobile__width-inherit elementor-invisible elementor-widget elementor-widget-button\" data-id=\"68b40706\" data-element_type=\"widget\" data-e-type=\"widget\" data-settings=\"{&quot;_animation&quot;:&quot;fadeInUp&quot;}\" data-widget_type=\"button.default\">\n\t\t\t\t<div class=\"elementor-widget-container\">\n\t\t\t\t\t\t\t\t\t<div class=\"elementor-button-wrapper\">\n\t\t\t\t\t<a class=\"elementor-button elementor-button-link elementor-size-md elementor-animation-hang\" href=\"https:\/\/g.co\/kgs\/9q1v5uC\" target=\"_blank\">\n\t\t\t\t\t\t<span class=\"elementor-button-content-wrapper\">\n\t\t\t\t\t\t\t\t\t<span class=\"elementor-button-text\">Vis\u00edtanos<\/span>\n\t\t\t\t\t<\/span>\n\t\t\t\t\t<\/a>\n\t\t\t\t<\/div>\n\t\t\t\t\t\t\t\t<\/div>\n\t\t\t\t<\/div>\n\t\t\t\t<div class=\"elementor-element elementor-element-13596df6 elementor-widget__width-auto elementor-mobile-align-justify elementor-widget-mobile__width-inherit elementor-invisible elementor-widget elementor-widget-button\" data-id=\"13596df6\" data-element_type=\"widget\" data-e-type=\"widget\" data-settings=\"{&quot;_animation&quot;:&quot;fadeInUp&quot;}\" data-widget_type=\"button.default\">\n\t\t\t\t<div class=\"elementor-widget-container\">\n\t\t\t\t\t\t\t\t\t<div class=\"elementor-button-wrapper\">\n\t\t\t\t\t<a class=\"elementor-button elementor-button-link elementor-size-md elementor-animation-hang\" href=\"https:\/\/kbarbershop.es\/servicios\/\">\n\t\t\t\t\t\t<span class=\"elementor-button-content-wrapper\">\n\t\t\t\t\t\t\t\t\t<span class=\"elementor-button-text\">saber m\u00e1s<\/span>\n\t\t\t\t\t<\/span>\n\t\t\t\t\t<\/a>\n\t\t\t\t<\/div>\n\t\t\t\t\t\t\t\t<\/div>\n\t\t\t\t<\/div>\n\t\t\t\t\t<\/div>\n\t\t<\/div>\n\t\t\t\t<div class=\"elementor-column elementor-col-50 elementor-top-column elementor-element elementor-element-63f1136\" data-id=\"63f1136\" data-element_type=\"column\" data-e-type=\"column\">\n\t\t\t<div class=\"elementor-widget-wrap elementor-element-populated\">\n\t\t\t\t\t\t<section class=\"elementor-section elementor-inner-section elementor-element elementor-element-102fadb elementor-section-boxed elementor-section-height-default elementor-section-height-default\" data-id=\"102fadb\" data-element_type=\"section\" data-e-type=\"section\">\n\t\t\t\t\t\t<div class=\"elementor-container elementor-column-gap-no\">\n\t\t\t\t\t<div class=\"elementor-column elementor-col-50 elementor-inner-column elementor-element elementor-element-c6e9896\" data-id=\"c6e9896\" data-element_type=\"column\" data-e-type=\"column\">\n\t\t\t<div class=\"elementor-widget-wrap\">\n\t\t\t\t\t\t\t<\/div>\n\t\t<\/div>\n\t\t\t\t<div class=\"elementor-column elementor-col-50 elementor-inner-column elementor-element elementor-element-563e573\" data-id=\"563e573\" data-element_type=\"column\" data-e-type=\"column\">\n\t\t\t<div class=\"elementor-widget-wrap\">\n\t\t\t\t\t\t\t<\/div>\n\t\t<\/div>\n\t\t\t\t\t<\/div>\n\t\t<\/section>\n\t\t\t\t\t<\/div>\n\t\t<\/div>\n\t\t\t\t\t<\/div>\n\t\t<\/section>\n\t\t\t\t<section class=\"elementor-section elementor-top-section elementor-element elementor-element-3587dbf9 elementor-section-stretched elementor-section-boxed elementor-section-height-default elementor-section-height-default\" data-id=\"3587dbf9\" data-element_type=\"section\" data-e-type=\"section\" data-settings=\"{&quot;stretch_section&quot;:&quot;section-stretched&quot;}\">\n\t\t\t\t\t\t<div class=\"elementor-container elementor-column-gap-default\">\n\t\t\t\t\t<div class=\"elementor-column elementor-col-100 elementor-top-column elementor-element elementor-element-b338755\" data-id=\"b338755\" data-element_type=\"column\" data-e-type=\"column\">\n\t\t\t<div class=\"elementor-widget-wrap elementor-element-populated\">\n\t\t\t\t\t\t<section class=\"elementor-section elementor-inner-section elementor-element elementor-element-6d8dc3e3 elementor-section-content-middle elementor-section-boxed elementor-section-height-default elementor-section-height-default\" data-id=\"6d8dc3e3\" data-element_type=\"section\" data-e-type=\"section\" data-settings=\"{&quot;background_background&quot;:&quot;classic&quot;}\">\n\t\t\t\t\t\t<div class=\"elementor-container elementor-column-gap-wider\">\n\t\t\t\t\t<div class=\"elementor-column elementor-col-50 elementor-inner-column elementor-element elementor-element-3448c0c3 elementor-invisible\" data-id=\"3448c0c3\" data-element_type=\"column\" data-e-type=\"column\" data-settings=\"{&quot;animation&quot;:&quot;fadeInLeft&quot;,&quot;background_background&quot;:&quot;classic&quot;}\">\n\t\t\t<div class=\"elementor-widget-wrap\">\n\t\t\t\t\t\t\t<\/div>\n\t\t<\/div>\n\t\t\t\t<div class=\"elementor-column elementor-col-50 elementor-inner-column elementor-element elementor-element-43fd68a4 elementor-invisible\" data-id=\"43fd68a4\" data-element_type=\"column\" data-e-type=\"column\" data-settings=\"{&quot;animation&quot;:&quot;fadeInRight&quot;}\">\n\t\t\t<div class=\"elementor-widget-wrap elementor-element-populated\">\n\t\t\t\t\t\t<div class=\"elementor-element elementor-element-438bf801 elementor-widget elementor-widget-heading\" data-id=\"438bf801\" data-element_type=\"widget\" data-e-type=\"widget\" data-widget_type=\"heading.default\">\n\t\t\t\t<div class=\"elementor-widget-container\">\n\t\t\t\t\t<h2 class=\"elementor-heading-title elementor-size-default\">mi historia<\/h2>\t\t\t\t<\/div>\n\t\t\t\t<\/div>\n\t\t\t\t<div class=\"elementor-element elementor-element-296356b4 elementor-widget elementor-widget-text-editor\" data-id=\"296356b4\" data-element_type=\"widget\" data-e-type=\"widget\" data-widget_type=\"text-editor.default\">\n\t\t\t\t<div class=\"elementor-widget-container\">\n\t\t\t\t\t\t\t\t\t<p>KB Barber Shop se cre\u00f3 desde el pueblo, Kepa, el due\u00f1o de la empresa comenz\u00f3 su rodada en este mismo pueblo siendo un barbero autodidacta formado a trav\u00e9s de cursos presenciales y online. Trabaj\u00f3 en una peluqueria unisex durante dos a\u00f1os y despues comenzo a trabajar en la barberia de la planta de caballeros de El Corte Ingles, el primer dia que trabajo se le lleno la agenda, todos los clientes que reservaron venian desde Mungia, y ese dia decidio comenzar su camino por su cuenta. En 2019 poco antes de la pandemia mundial KB Barber Shop abrio sus puertas.<\/p>\t\t\t\t\t\t\t\t<\/div>\n\t\t\t\t<\/div>\n\t\t\t\t\t<\/div>\n\t\t<\/div>\n\t\t\t\t\t<\/div>\n\t\t<\/section>\n\t\t\t\t\t<\/div>\n\t\t<\/div>\n\t\t\t\t\t<\/div>\n\t\t<\/section>\n\t\t\t\t<section class=\"elementor-section elementor-top-section elementor-element elementor-element-138d7d2e elementor-section-content-middle elementor-section-boxed elementor-section-height-default elementor-section-height-default\" data-id=\"138d7d2e\" data-element_type=\"section\" data-e-type=\"section\" data-settings=\"{&quot;background_background&quot;:&quot;classic&quot;}\">\n\t\t\t\t\t\t\t<div class=\"elementor-background-overlay\"><\/div>\n\t\t\t\t\t\t\t<div class=\"elementor-container elementor-column-gap-no\">\n\t\t\t\t\t<div class=\"elementor-column elementor-col-100 elementor-top-column elementor-element elementor-element-3b5f9cc7\" data-id=\"3b5f9cc7\" data-element_type=\"column\" data-e-type=\"column\">\n\t\t\t<div class=\"elementor-widget-wrap elementor-element-populated\">\n\t\t\t\t\t\t<div class=\"elementor-element elementor-element-66777d00 elementor-invisible elementor-widget elementor-widget-heading\" data-id=\"66777d00\" data-element_type=\"widget\" data-e-type=\"widget\" data-settings=\"{&quot;_animation&quot;:&quot;fadeInUp&quot;,&quot;_animation_delay&quot;:200}\" data-widget_type=\"heading.default\">\n\t\t\t\t<div class=\"elementor-widget-container\">\n\t\t\t\t\t<h2 class=\"elementor-heading-title elementor-size-default\">\u00a1D\u00e9jate cuidar por manos expertas y renueva tu estilo con nosotros!<\/h2>\t\t\t\t<\/div>\n\t\t\t\t<\/div>\n\t\t\t\t<div class=\"elementor-element elementor-element-585c040 elementor-widget__width-initial elementor-mobile-align-justify elementor-widget-mobile__width-inherit elementor-align-center elementor-invisible elementor-widget elementor-widget-button\" data-id=\"585c040\" data-element_type=\"widget\" data-e-type=\"widget\" data-settings=\"{&quot;_animation&quot;:&quot;fadeInUp&quot;}\" data-widget_type=\"button.default\">\n\t\t\t\t<div class=\"elementor-widget-container\">\n\t\t\t\t\t\t\t\t\t<div class=\"elementor-button-wrapper\">\n\t\t\t\t\t<a class=\"elementor-button elementor-button-link elementor-size-md elementor-animation-hang\" href=\"https:\/\/g.co\/kgs\/byr2B3x\" target=\"_blank\">\n\t\t\t\t\t\t<span class=\"elementor-button-content-wrapper\">\n\t\t\t\t\t\t\t\t\t<span class=\"elementor-button-text\">Vis\u00edtanos<\/span>\n\t\t\t\t\t<\/span>\n\t\t\t\t\t<\/a>\n\t\t\t\t<\/div>\n\t\t\t\t\t\t\t\t<\/div>\n\t\t\t\t<\/div>\n\t\t\t\t\t<\/div>\n\t\t<\/div>\n\t\t\t\t\t<\/div>\n\t\t<\/section>\n\t\t<div class=\"elementor-element elementor-element-8569429 e-flex e-con-boxed e-con e-parent\" data-id=\"8569429\" data-element_type=\"container\" data-e-type=\"container\" data-settings=\"{&quot;background_background&quot;:&quot;classic&quot;}\">\n\t\t\t\t\t<div class=\"e-con-inner\">\n\t\t<div class=\"elementor-element elementor-element-17844a5 e-con-full e-flex e-con e-child\" data-id=\"17844a5\" data-element_type=\"container\" data-e-type=\"container\">\n\t\t<div class=\"elementor-element elementor-element-ac657ed e-con-full e-flex e-con e-child\" data-id=\"ac657ed\" data-element_type=\"container\" data-e-type=\"container\">\n\t\t\t\t<div class=\"elementor-element elementor-element-0d2a06a elementor-widget elementor-widget-image\" data-id=\"0d2a06a\" data-element_type=\"widget\" data-e-type=\"widget\" data-widget_type=\"image.default\">\n\t\t\t\t<div class=\"elementor-widget-container\">\n\t\t\t\t\t\t\t\t\t\t\t\t\t\t\t<img fetchpriority=\"high\" decoding=\"async\" width=\"746\" height=\"619\" src=\"https:\/\/kbarbershop.es\/wp-content\/uploads\/2025\/03\/Captura-desde-2025-03-05-10-20-21.png\" class=\"attachment-medium_large size-medium_large wp-image-1888\" alt=\"\" srcset=\"https:\/\/kbarbershop.es\/wp-content\/uploads\/2025\/03\/Captura-desde-2025-03-05-10-20-21.png 746w, https:\/\/kbarbershop.es\/wp-content\/uploads\/2025\/03\/Captura-desde-2025-03-05-10-20-21-300x249.png 300w, https:\/\/kbarbershop.es\/wp-content\/uploads\/2025\/03\/Captura-desde-2025-03-05-10-20-21-14x12.png 14w\" sizes=\"(max-width: 746px) 100vw, 746px\" \/>\t\t\t\t\t\t\t\t\t\t\t\t\t\t\t<\/div>\n\t\t\t\t<\/div>\n\t\t\t\t<\/div>\n\t\t<div class=\"elementor-element elementor-element-cfed788 e-con-full e-flex e-con e-child\" data-id=\"cfed788\" data-element_type=\"container\" data-e-type=\"container\">\n\t\t\t\t<div class=\"elementor-element elementor-element-5b45c23 elementor-widget elementor-widget-heading\" data-id=\"5b45c23\" data-element_type=\"widget\" data-e-type=\"widget\" data-widget_type=\"heading.default\">\n\t\t\t\t<div class=\"elementor-widget-container\">\n\t\t\t\t\t<h2 class=\"elementor-heading-title elementor-size-default\">LA BARBER\u00cdA<\/h2>\t\t\t\t<\/div>\n\t\t\t\t<\/div>\n\t\t\t\t<div class=\"elementor-element elementor-element-3e5c080 elementor-widget elementor-widget-text-editor\" data-id=\"3e5c080\" data-element_type=\"widget\" data-e-type=\"widget\" data-widget_type=\"text-editor.default\">\n\t\t\t\t<div class=\"elementor-widget-container\">\n\t\t\t\t\t\t\t\t\t<p>Una barber\u00eda al estilo industrial retro situada en un rinconcito de Mungia. Donde la satisfacci\u00f3n al salir del sal\u00f3n esta garantizada tras un cambio de look, un corte de pelo, un arreglo de barba o incluso un afeitado cl\u00e1sico a navaja. Trabajamos con las mejores marcas y continuamos form\u00e1ndonos constantemente.<\/p>\t\t\t\t\t\t\t\t<\/div>\n\t\t\t\t<\/div>\n\t\t\t\t<\/div>\n\t\t\t\t<\/div>\n\t\t\t\t\t<\/div>\n\t\t\t\t<\/div>\n\t\t\t\t<\/div>\n\t\t","protected":false},"excerpt":{"rendered":"<p>Bienvenidos a KB Barber Shop \u00a1Renueva tu estilo! Ven ahora a KB Barber Shop\u00a0y asegura tu look. Vis\u00edtanos saber m\u00e1s mi historia KB Barber Shop se cre\u00f3 desde el pueblo, Kepa, el due\u00f1o de la empresa comenz\u00f3 su rodada en este mismo pueblo siendo un barbero autodidacta formado a trav\u00e9s de cursos presenciales y online. [&hellip;]<\/p>\n","protected":false},"author":1,"featured_media":0,"parent":0,"menu_order":0,"comment_status":"closed","ping_status":"closed","template":"elementor_canvas","meta":{"footnotes":""},"class_list":["post-2","page","type-page","status-publish","hentry"],"yoast_head":"<!-- This site is optimized with the Yoast SEO plugin v27.5 - https:\/\/yoast.com\/product\/yoast-seo-wordpress\/ -->\n<title>Inicio - KB Barber Shop<\/title>\n<meta name=\"robots\" content=\"index, follow, max-snippet:-1, max-image-preview:large, max-video-preview:-1\" \/>\n<link rel=\"canonical\" href=\"https:\/\/kbarbershop.es\/eu\/\" \/>\n<meta property=\"og:locale\" content=\"en_US\" \/>\n<meta property=\"og:type\" content=\"article\" \/>\n<meta property=\"og:title\" content=\"Inicio - KB Barber Shop\" \/>\n<meta property=\"og:description\" content=\"Bienvenidos a KB Barber Shop \u00a1Renueva tu estilo! Ven ahora a KB Barber Shop\u00a0y asegura tu look. Vis\u00edtanos saber m\u00e1s mi historia KB Barber Shop se cre\u00f3 desde el pueblo, Kepa, el due\u00f1o de la empresa comenz\u00f3 su rodada en este mismo pueblo siendo un barbero autodidacta formado a trav\u00e9s de cursos presenciales y online. [&hellip;]\" \/>\n<meta property=\"og:url\" content=\"https:\/\/kbarbershop.es\/eu\/\" \/>\n<meta property=\"og:site_name\" content=\"KB Barber Shop\" \/>\n<meta property=\"article:modified_time\" content=\"2025-03-17T16:43:21+00:00\" \/>\n<meta property=\"og:image\" content=\"https:\/\/kbarbershop.es\/wp-content\/uploads\/2025\/03\/Captura-desde-2025-03-05-10-20-21.png\" \/>\n\t<meta property=\"og:image:width\" content=\"746\" \/>\n\t<meta property=\"og:image:height\" content=\"619\" \/>\n\t<meta property=\"og:image:type\" content=\"image\/png\" \/>\n<meta name=\"twitter:card\" content=\"summary_large_image\" \/>\n<meta name=\"twitter:label1\" content=\"Est. reading time\" \/>\n\t<meta name=\"twitter:data1\" content=\"2 minutua\" \/>\n<script type=\"application\/ld+json\" class=\"yoast-schema-graph\">{\"@context\":\"https:\\\/\\\/schema.org\",\"@graph\":[{\"@type\":\"WebPage\",\"@id\":\"https:\\\/\\\/kbarbershop.es\\\/\",\"url\":\"https:\\\/\\\/kbarbershop.es\\\/\",\"name\":\"Inicio - KB Barber Shop\",\"isPartOf\":{\"@id\":\"https:\\\/\\\/kbarbershop.es\\\/#website\"},\"primaryImageOfPage\":{\"@id\":\"https:\\\/\\\/kbarbershop.es\\\/#primaryimage\"},\"image\":{\"@id\":\"https:\\\/\\\/kbarbershop.es\\\/#primaryimage\"},\"thumbnailUrl\":\"https:\\\/\\\/kbarbershop.es\\\/wp-content\\\/uploads\\\/2025\\\/03\\\/Captura-desde-2025-03-05-10-20-21.png\",\"datePublished\":\"2024-10-09T11:09:29+00:00\",\"dateModified\":\"2025-03-17T16:43:21+00:00\",\"breadcrumb\":{\"@id\":\"https:\\\/\\\/kbarbershop.es\\\/#breadcrumb\"},\"inLanguage\":\"eu\",\"potentialAction\":[{\"@type\":\"ReadAction\",\"target\":[\"https:\\\/\\\/kbarbershop.es\\\/\"]}]},{\"@type\":\"ImageObject\",\"inLanguage\":\"eu\",\"@id\":\"https:\\\/\\\/kbarbershop.es\\\/#primaryimage\",\"url\":\"https:\\\/\\\/kbarbershop.es\\\/wp-content\\\/uploads\\\/2025\\\/03\\\/Captura-desde-2025-03-05-10-20-21.png\",\"contentUrl\":\"https:\\\/\\\/kbarbershop.es\\\/wp-content\\\/uploads\\\/2025\\\/03\\\/Captura-desde-2025-03-05-10-20-21.png\"},{\"@type\":\"BreadcrumbList\",\"@id\":\"https:\\\/\\\/kbarbershop.es\\\/#breadcrumb\",\"itemListElement\":[{\"@type\":\"ListItem\",\"position\":1,\"name\":\"Portada\",\"item\":\"https:\\\/\\\/kbarbershop.es\\\/\"},{\"@type\":\"ListItem\",\"position\":2,\"name\":\"Inicio\"}]},{\"@type\":\"WebSite\",\"@id\":\"https:\\\/\\\/kbarbershop.es\\\/#website\",\"url\":\"https:\\\/\\\/kbarbershop.es\\\/\",\"name\":\"KB Barber Shop\",\"description\":\"Una barber\u00eda al estilo industrial retro\",\"publisher\":{\"@id\":\"https:\\\/\\\/kbarbershop.es\\\/#organization\"},\"potentialAction\":[{\"@type\":\"SearchAction\",\"target\":{\"@type\":\"EntryPoint\",\"urlTemplate\":\"https:\\\/\\\/kbarbershop.es\\\/?s={search_term_string}\"},\"query-input\":{\"@type\":\"PropertyValueSpecification\",\"valueRequired\":true,\"valueName\":\"search_term_string\"}}],\"inLanguage\":\"eu\"},{\"@type\":\"Organization\",\"@id\":\"https:\\\/\\\/kbarbershop.es\\\/#organization\",\"name\":\"KB Barber Shop\",\"url\":\"https:\\\/\\\/kbarbershop.es\\\/\",\"logo\":{\"@type\":\"ImageObject\",\"inLanguage\":\"eu\",\"@id\":\"https:\\\/\\\/kbarbershop.es\\\/#\\\/schema\\\/logo\\\/image\\\/\",\"url\":\"https:\\\/\\\/kbarbershop.es\\\/wp-content\\\/uploads\\\/2025\\\/03\\\/cropped-logoapaisado.png\",\"contentUrl\":\"https:\\\/\\\/kbarbershop.es\\\/wp-content\\\/uploads\\\/2025\\\/03\\\/cropped-logoapaisado.png\",\"width\":1356,\"height\":578,\"caption\":\"KB Barber Shop\"},\"image\":{\"@id\":\"https:\\\/\\\/kbarbershop.es\\\/#\\\/schema\\\/logo\\\/image\\\/\"}}]}<\/script>\n<!-- \/ Yoast SEO plugin. -->","yoast_head_json":{"title":"Inicio - KB Barber Shop","robots":{"index":"index","follow":"follow","max-snippet":"max-snippet:-1","max-image-preview":"max-image-preview:large","max-video-preview":"max-video-preview:-1"},"canonical":"https:\/\/kbarbershop.es\/eu\/","og_locale":"en_US","og_type":"article","og_title":"Inicio - KB Barber Shop","og_description":"Bienvenidos a KB Barber Shop \u00a1Renueva tu estilo! Ven ahora a KB Barber Shop\u00a0y asegura tu look. Vis\u00edtanos saber m\u00e1s mi historia KB Barber Shop se cre\u00f3 desde el pueblo, Kepa, el due\u00f1o de la empresa comenz\u00f3 su rodada en este mismo pueblo siendo un barbero autodidacta formado a trav\u00e9s de cursos presenciales y online. [&hellip;]","og_url":"https:\/\/kbarbershop.es\/eu\/","og_site_name":"KB Barber Shop","article_modified_time":"2025-03-17T16:43:21+00:00","og_image":[{"width":746,"height":619,"url":"https:\/\/kbarbershop.es\/wp-content\/uploads\/2025\/03\/Captura-desde-2025-03-05-10-20-21.png","type":"image\/png"}],"twitter_card":"summary_large_image","twitter_misc":{"Est. reading time":"2 minutua"},"schema":{"@context":"https:\/\/schema.org","@graph":[{"@type":"WebPage","@id":"https:\/\/kbarbershop.es\/","url":"https:\/\/kbarbershop.es\/","name":"Inicio - KB Barber Shop","isPartOf":{"@id":"https:\/\/kbarbershop.es\/#website"},"primaryImageOfPage":{"@id":"https:\/\/kbarbershop.es\/#primaryimage"},"image":{"@id":"https:\/\/kbarbershop.es\/#primaryimage"},"thumbnailUrl":"https:\/\/kbarbershop.es\/wp-content\/uploads\/2025\/03\/Captura-desde-2025-03-05-10-20-21.png","datePublished":"2024-10-09T11:09:29+00:00","dateModified":"2025-03-17T16:43:21+00:00","breadcrumb":{"@id":"https:\/\/kbarbershop.es\/#breadcrumb"},"inLanguage":"eu","potentialAction":[{"@type":"ReadAction","target":["https:\/\/kbarbershop.es\/"]}]},{"@type":"ImageObject","inLanguage":"eu","@id":"https:\/\/kbarbershop.es\/#primaryimage","url":"https:\/\/kbarbershop.es\/wp-content\/uploads\/2025\/03\/Captura-desde-2025-03-05-10-20-21.png","contentUrl":"https:\/\/kbarbershop.es\/wp-content\/uploads\/2025\/03\/Captura-desde-2025-03-05-10-20-21.png"},{"@type":"BreadcrumbList","@id":"https:\/\/kbarbershop.es\/#breadcrumb","itemListElement":[{"@type":"ListItem","position":1,"name":"Portada","item":"https:\/\/kbarbershop.es\/"},{"@type":"ListItem","position":2,"name":"Inicio"}]},{"@type":"WebSite","@id":"https:\/\/kbarbershop.es\/#website","url":"https:\/\/kbarbershop.es\/","name":"KB Barber Shop","description":"Una barber\u00eda al estilo industrial retro","publisher":{"@id":"https:\/\/kbarbershop.es\/#organization"},"potentialAction":[{"@type":"SearchAction","target":{"@type":"EntryPoint","urlTemplate":"https:\/\/kbarbershop.es\/?s={search_term_string}"},"query-input":{"@type":"PropertyValueSpecification","valueRequired":true,"valueName":"search_term_string"}}],"inLanguage":"eu"},{"@type":"Organization","@id":"https:\/\/kbarbershop.es\/#organization","name":"KB Barber Shop","url":"https:\/\/kbarbershop.es\/","logo":{"@type":"ImageObject","inLanguage":"eu","@id":"https:\/\/kbarbershop.es\/#\/schema\/logo\/image\/","url":"https:\/\/kbarbershop.es\/wp-content\/uploads\/2025\/03\/cropped-logoapaisado.png","contentUrl":"https:\/\/kbarbershop.es\/wp-content\/uploads\/2025\/03\/cropped-logoapaisado.png","width":1356,"height":578,"caption":"KB Barber Shop"},"image":{"@id":"https:\/\/kbarbershop.es\/#\/schema\/logo\/image\/"}}]}},"_links":{"self":[{"href":"https:\/\/kbarbershop.es\/eu\/wp-json\/wp\/v2\/pages\/2","targetHints":{"allow":["GET"]}}],"collection":[{"href":"https:\/\/kbarbershop.es\/eu\/wp-json\/wp\/v2\/pages"}],"about":[{"href":"https:\/\/kbarbershop.es\/eu\/wp-json\/wp\/v2\/types\/page"}],"author":[{"embeddable":true,"href":"https:\/\/kbarbershop.es\/eu\/wp-json\/wp\/v2\/users\/1"}],"replies":[{"embeddable":true,"href":"https:\/\/kbarbershop.es\/eu\/wp-json\/wp\/v2\/comments?post=2"}],"version-history":[{"count":157,"href":"https:\/\/kbarbershop.es\/eu\/wp-json\/wp\/v2\/pages\/2\/revisions"}],"predecessor-version":[{"id":2041,"href":"https:\/\/kbarbershop.es\/eu\/wp-json\/wp\/v2\/pages\/2\/revisions\/2041"}],"wp:attachment":[{"href":"https:\/\/kbarbershop.es\/eu\/wp-json\/wp\/v2\/media?parent=2"}],"curies":[{"name":"wp","href":"https:\/\/api.w.org\/{rel}","templated":true}]}}