{"id":12,"date":"2024-10-09T11:35:41","date_gmt":"2024-10-09T11:35:41","guid":{"rendered":"https:\/\/jatorymas.rkinformatika.online\/?page_id=12"},"modified":"2025-03-17T16:51:54","modified_gmt":"2025-03-17T16:51:54","slug":"servicios","status":"publish","type":"page","link":"https:\/\/kbarbershop.es\/eu\/servicios\/","title":{"rendered":"Zerbitzuak"},"content":{"rendered":"<div data-elementor-type=\"wp-page\" data-elementor-id=\"12\" class=\"elementor elementor-12\" data-elementor-post-type=\"page\">\n\t\t\t\t\t\t<section class=\"elementor-section elementor-top-section elementor-element elementor-element-55525fa9 elementor-section-boxed elementor-section-height-default elementor-section-height-default\" data-id=\"55525fa9\" data-element_type=\"section\" data-e-type=\"section\" data-settings=\"{&quot;background_background&quot;:&quot;classic&quot;}\">\n\t\t\t\t\t\t\t<div class=\"elementor-background-overlay\"><\/div>\n\t\t\t\t\t\t\t<div class=\"elementor-container elementor-column-gap-default\">\n\t\t\t\t\t<div class=\"elementor-column elementor-col-100 elementor-top-column elementor-element elementor-element-40fd76e8\" data-id=\"40fd76e8\" data-element_type=\"column\" data-e-type=\"column\">\n\t\t\t<div class=\"elementor-widget-wrap elementor-element-populated\">\n\t\t\t\t\t\t<div class=\"elementor-element elementor-element-6192e3a8 elementor-widget elementor-widget-heading\" data-id=\"6192e3a8\" data-element_type=\"widget\" data-e-type=\"widget\" data-widget_type=\"heading.default\">\n\t\t\t\t<div class=\"elementor-widget-container\">\n\t\t\t\t\t<h1 class=\"elementor-heading-title elementor-size-default\">Zerbitzuak<\/h1>\t\t\t\t<\/div>\n\t\t\t\t<\/div>\n\t\t\t\t\t<\/div>\n\t\t<\/div>\n\t\t\t\t\t<\/div>\n\t\t<\/section>\n\t\t\t\t<section class=\"elementor-section elementor-top-section elementor-element elementor-element-351e1318 elementor-section-boxed elementor-section-height-default elementor-section-height-default\" data-id=\"351e1318\" data-element_type=\"section\" data-e-type=\"section\">\n\t\t\t\t\t\t<div class=\"elementor-container elementor-column-gap-default\">\n\t\t\t\t\t<div class=\"elementor-column elementor-col-100 elementor-top-column elementor-element elementor-element-65a27c02\" data-id=\"65a27c02\" data-element_type=\"column\" data-e-type=\"column\">\n\t\t\t<div class=\"elementor-widget-wrap elementor-element-populated\">\n\t\t\t\t\t\t<section class=\"elementor-section elementor-inner-section elementor-element elementor-element-132c013c elementor-section-content-middle elementor-section-boxed elementor-section-height-default elementor-section-height-default\" data-id=\"132c013c\" data-element_type=\"section\" data-e-type=\"section\">\n\t\t\t\t\t\t<div class=\"elementor-container elementor-column-gap-default\">\n\t\t\t\t\t<div class=\"elementor-column elementor-col-50 elementor-inner-column elementor-element elementor-element-7ed8e7f7\" data-id=\"7ed8e7f7\" data-element_type=\"column\" data-e-type=\"column\">\n\t\t\t<div class=\"elementor-widget-wrap elementor-element-populated\">\n\t\t\t\t\t\t<div class=\"elementor-element elementor-element-2136cb65 elementor-invisible elementor-widget elementor-widget-heading\" data-id=\"2136cb65\" data-element_type=\"widget\" data-e-type=\"widget\" data-settings=\"{&quot;_animation&quot;:&quot;fadeInDown&quot;}\" data-widget_type=\"heading.default\">\n\t\t\t\t<div class=\"elementor-widget-container\">\n\t\t\t\t\t<h2 class=\"elementor-heading-title elementor-size-default\">\u041d\u0430\u0448\u0456 \u043f\u043e\u0441\u043b\u0443\u0433\u0438\n<\/h2>\t\t\t\t<\/div>\n\t\t\t\t<\/div>\n\t\t\t\t<div class=\"elementor-element elementor-element-2c82fd6 elementor-widget elementor-widget-price-list\" data-id=\"2c82fd6\" data-element_type=\"widget\" data-e-type=\"widget\" data-widget_type=\"price-list.default\">\n\t\t\t\t<div class=\"elementor-widget-container\">\n\t\t\t\t\t\n\t\t<ul class=\"elementor-price-list\">\n\n\t\t\t\t\t\t\t\t\t<li><a class=\"elementor-price-list-item\" href=\"#\">\t\t\t\t\n\t\t\t\t<div class=\"elementor-price-list-text\">\n\t\t\t\t\t\t\t\t\t<div class=\"elementor-price-list-header\">\n\t\t\t\t\t\t\t\t\t\t\t<span class=\"elementor-price-list-title\">\n\t\t\t\t\t\t\tCorte Masculino\t\t\t\t\t\t<\/span>\n\t\t\t\t\t\t\t\t\t\t\t\t\t\t\t\t\t\t<span class=\"elementor-price-list-separator\"><\/span>\n\t\t\t\t\t\t\t\t\t\t\t\t\t\t\t\t\t\t\t<span class=\"elementor-price-list-price\">18\u20ac<\/span>\n\t\t\t\t\t\t\t\t\t\t<\/div>\n\t\t\t\t\t\t\t\t\t\t\t\t\t\t\t<p class=\"elementor-price-list-description\">\n\t\t\t\t\t\t\tCorte de pelo ya sea a tijera largo, media melena, estilos cortos y apurados fade.\t\t\t\t\t\t<\/p>\n\t\t\t\t\t\t\t\t<\/div>\n\t\t\t\t<\/a><\/li>\t\t\t\t\t\t\t\t\t\t\t\t<li><a class=\"elementor-price-list-item\" href=\"#\">\t\t\t\t\n\t\t\t\t<div class=\"elementor-price-list-text\">\n\t\t\t\t\t\t\t\t\t<div class=\"elementor-price-list-header\">\n\t\t\t\t\t\t\t\t\t\t\t<span class=\"elementor-price-list-title\">\n\t\t\t\t\t\t\tCorte Solo Maquina\t\t\t\t\t\t<\/span>\n\t\t\t\t\t\t\t\t\t\t\t\t\t\t\t\t\t\t<span class=\"elementor-price-list-separator\"><\/span>\n\t\t\t\t\t\t\t\t\t\t\t\t\t\t\t\t\t\t\t<span class=\"elementor-price-list-price\">16\u20ac<\/span>\n\t\t\t\t\t\t\t\t\t\t<\/div>\n\t\t\t\t\t\t\t\t\t\t\t\t\t\t\t<p class=\"elementor-price-list-description\">\n\t\t\t\t\t\t\tCorte entero a m\u00e1quina.\t\t\t\t\t\t<\/p>\n\t\t\t\t\t\t\t\t<\/div>\n\t\t\t\t<\/a><\/li>\t\t\t\t\t\t\t\t\t\t\t\t<li><a class=\"elementor-price-list-item\" href=\"#\">\t\t\t\t\n\t\t\t\t<div class=\"elementor-price-list-text\">\n\t\t\t\t\t\t\t\t\t<div class=\"elementor-price-list-header\">\n\t\t\t\t\t\t\t\t\t\t\t<span class=\"elementor-price-list-title\">\n\t\t\t\t\t\t\tCorte Repaso\t\t\t\t\t\t<\/span>\n\t\t\t\t\t\t\t\t\t\t\t\t\t\t\t\t\t\t<span class=\"elementor-price-list-separator\"><\/span>\n\t\t\t\t\t\t\t\t\t\t\t\t\t\t\t\t\t\t\t<span class=\"elementor-price-list-price\">15\u20ac<\/span>\n\t\t\t\t\t\t\t\t\t\t<\/div>\n\t\t\t\t\t\t\t\t\t\t\t\t\t\t\t<p class=\"elementor-price-list-description\">\n\t\t\t\t\t\t\tCorte repaso de anterior corte con no m\u00e1s de 15 d\u00edas.\t\t\t\t\t\t<\/p>\n\t\t\t\t\t\t\t\t<\/div>\n\t\t\t\t<\/a><\/li>\t\t\t\t\t\t\t\t\t\t\t\t<li><a class=\"elementor-price-list-item\" href=\"#\">\t\t\t\t\n\t\t\t\t<div class=\"elementor-price-list-text\">\n\t\t\t\t\t\t\t\t\t<div class=\"elementor-price-list-header\">\n\t\t\t\t\t\t\t\t\t\t\t<span class=\"elementor-price-list-title\">\n\t\t\t\t\t\t\tDise\u00f1o de Barba\t\t\t\t\t\t<\/span>\n\t\t\t\t\t\t\t\t\t\t\t\t\t\t\t\t\t\t<span class=\"elementor-price-list-separator\"><\/span>\n\t\t\t\t\t\t\t\t\t\t\t\t\t\t\t\t\t\t\t<span class=\"elementor-price-list-price\">16\u20ac<\/span>\n\t\t\t\t\t\t\t\t\t\t<\/div>\n\t\t\t\t\t\t\t\t\t\t\t\t\t\t\t<p class=\"elementor-price-list-description\">\n\t\t\t\t\t\t\tDise\u00f1o completo de la barba respetando el visagismo de cada cliente.\t\t\t\t\t\t<\/p>\n\t\t\t\t\t\t\t\t<\/div>\n\t\t\t\t<\/a><\/li>\t\t\t\t\t\t\t\t\t\t\t\t<li><a class=\"elementor-price-list-item\" href=\"#\">\t\t\t\t\n\t\t\t\t<div class=\"elementor-price-list-text\">\n\t\t\t\t\t\t\t\t\t<div class=\"elementor-price-list-header\">\n\t\t\t\t\t\t\t\t\t\t\t<span class=\"elementor-price-list-title\">\n\t\t\t\t\t\t\tMarcado de Barba\t\t\t\t\t\t<\/span>\n\t\t\t\t\t\t\t\t\t\t\t\t\t\t\t\t\t\t<span class=\"elementor-price-list-separator\"><\/span>\n\t\t\t\t\t\t\t\t\t\t\t\t\t\t\t\t\t\t\t<span class=\"elementor-price-list-price\">10\u20ac<\/span>\n\t\t\t\t\t\t\t\t\t\t<\/div>\n\t\t\t\t\t\t\t\t\t\t\t\t\t\t\t<p class=\"elementor-price-list-description\">\n\t\t\t\t\t\t\tMarcado de la barba superficial.\t\t\t\t\t\t<\/p>\n\t\t\t\t\t\t\t\t<\/div>\n\t\t\t\t<\/a><\/li>\t\t\t\t\t\t\t\t\t\t\t\t<li><a class=\"elementor-price-list-item\" href=\"#\">\t\t\t\t\n\t\t\t\t<div class=\"elementor-price-list-text\">\n\t\t\t\t\t\t\t\t\t<div class=\"elementor-price-list-header\">\n\t\t\t\t\t\t\t\t\t\t\t<span class=\"elementor-price-list-title\">\n\t\t\t\t\t\t\tCorte + Dise\u00f1o\t\t\t\t\t\t<\/span>\n\t\t\t\t\t\t\t\t\t\t\t\t\t\t\t\t\t\t<span class=\"elementor-price-list-separator\"><\/span>\n\t\t\t\t\t\t\t\t\t\t\t\t\t\t\t\t\t\t\t<span class=\"elementor-price-list-price\">30\u20ac<\/span>\n\t\t\t\t\t\t\t\t\t\t<\/div>\n\t\t\t\t\t\t\t\t\t\t\t\t<\/div>\n\t\t\t\t<\/a><\/li>\t\t\t\t\t\t\t\t\t\t\t\t<li><a class=\"elementor-price-list-item\" href=\"#\">\t\t\t\t\n\t\t\t\t<div class=\"elementor-price-list-text\">\n\t\t\t\t\t\t\t\t\t<div class=\"elementor-price-list-header\">\n\t\t\t\t\t\t\t\t\t\t\t<span class=\"elementor-price-list-title\">\n\t\t\t\t\t\t\tCorte + Marcado\t\t\t\t\t\t<\/span>\n\t\t\t\t\t\t\t\t\t\t\t\t\t\t\t\t\t\t<span class=\"elementor-price-list-separator\"><\/span>\n\t\t\t\t\t\t\t\t\t\t\t\t\t\t\t\t\t\t\t<span class=\"elementor-price-list-price\">25\u20ac<\/span>\n\t\t\t\t\t\t\t\t\t\t<\/div>\n\t\t\t\t\t\t\t\t\t\t\t\t<\/div>\n\t\t\t\t<\/a><\/li>\t\t\t\t\t\n\t\t<\/ul>\n\n\t\t\t\t\t\t<\/div>\n\t\t\t\t<\/div>\n\t\t\t\t\t<\/div>\n\t\t<\/div>\n\t\t\t\t<div class=\"elementor-column elementor-col-50 elementor-inner-column elementor-element elementor-element-4af19815\" data-id=\"4af19815\" data-element_type=\"column\" data-e-type=\"column\" data-settings=\"{&quot;background_background&quot;:&quot;classic&quot;}\">\n\t\t\t<div class=\"elementor-widget-wrap elementor-element-populated\">\n\t\t\t\t\t\t<div class=\"elementor-element elementor-element-4222627 elementor-widget elementor-widget-image\" data-id=\"4222627\" data-element_type=\"widget\" data-e-type=\"widget\" data-widget_type=\"image.default\">\n\t\t\t\t<div class=\"elementor-widget-container\">\n\t\t\t\t\t\t\t\t\t\t\t\t\t\t\t<img fetchpriority=\"high\" decoding=\"async\" width=\"723\" height=\"937\" src=\"https:\/\/kbarbershop.es\/wp-content\/uploads\/2025\/03\/Captura-desde-2025-03-05-11-39-09.png\" class=\"attachment-large size-large wp-image-1992\" alt=\"\" srcset=\"https:\/\/kbarbershop.es\/wp-content\/uploads\/2025\/03\/Captura-desde-2025-03-05-11-39-09.png 723w, https:\/\/kbarbershop.es\/wp-content\/uploads\/2025\/03\/Captura-desde-2025-03-05-11-39-09-231x300.png 231w, https:\/\/kbarbershop.es\/wp-content\/uploads\/2025\/03\/Captura-desde-2025-03-05-11-39-09-9x12.png 9w\" sizes=\"(max-width: 723px) 100vw, 723px\" \/>\t\t\t\t\t\t\t\t\t\t\t\t\t\t\t<\/div>\n\t\t\t\t<\/div>\n\t\t\t\t\t<\/div>\n\t\t<\/div>\n\t\t\t\t\t<\/div>\n\t\t<\/section>\n\t\t\t\t\t<\/div>\n\t\t<\/div>\n\t\t\t\t\t<\/div>\n\t\t<\/section>\n\t\t\t\t<section class=\"elementor-section elementor-top-section elementor-element elementor-element-4432244b elementor-section-content-middle elementor-section-boxed elementor-section-height-default elementor-section-height-default\" data-id=\"4432244b\" data-element_type=\"section\" data-e-type=\"section\" data-settings=\"{&quot;background_background&quot;:&quot;classic&quot;}\">\n\t\t\t\t\t\t\t<div class=\"elementor-background-overlay\"><\/div>\n\t\t\t\t\t\t\t<div class=\"elementor-container elementor-column-gap-default\">\n\t\t\t\t\t<div class=\"elementor-column elementor-col-66 elementor-top-column elementor-element elementor-element-853483f\" data-id=\"853483f\" data-element_type=\"column\" data-e-type=\"column\">\n\t\t\t<div class=\"elementor-widget-wrap elementor-element-populated\">\n\t\t\t\t\t\t<div class=\"elementor-element elementor-element-1063e1d8 elementor-widget elementor-widget-heading\" data-id=\"1063e1d8\" data-element_type=\"widget\" data-e-type=\"widget\" data-widget_type=\"heading.default\">\n\t\t\t\t<div class=\"elementor-widget-container\">\n\t\t\t\t\t<h2 class=\"elementor-heading-title elementor-size-default\">\u00a1Te esperamos en KB Barber Shop!<\/h2>\t\t\t\t<\/div>\n\t\t\t\t<\/div>\n\t\t\t\t\t<\/div>\n\t\t<\/div>\n\t\t\t\t<div class=\"elementor-column elementor-col-33 elementor-top-column elementor-element elementor-element-b48c497\" data-id=\"b48c497\" data-element_type=\"column\" data-e-type=\"column\">\n\t\t\t<div class=\"elementor-widget-wrap elementor-element-populated\">\n\t\t\t\t\t\t<div class=\"elementor-element elementor-element-f82458e elementor-widget__width-auto elementor-mobile-align-justify elementor-widget-mobile__width-inherit elementor-invisible elementor-widget elementor-widget-button\" data-id=\"f82458e\" data-element_type=\"widget\" data-e-type=\"widget\" data-settings=\"{&quot;_animation&quot;:&quot;fadeInUp&quot;}\" data-widget_type=\"button.default\">\n\t\t\t\t<div class=\"elementor-widget-container\">\n\t\t\t\t\t\t\t\t\t<div class=\"elementor-button-wrapper\">\n\t\t\t\t\t<a class=\"elementor-button elementor-button-link elementor-size-md elementor-animation-hang\" href=\"https:\/\/www.google.com\/search?sca_esv=88182c9360e229b5&#038;kgmid=\/g\/11h56f046h&#038;q=KB+Barber+Shop&#038;shndl=30&#038;shem=lcuae,uaasie,xcxes&#038;source=sh\/x\/loc\/uni\/m1\/1&#038;kgs=6d13f20bf4a07e16\" target=\"_blank\">\n\t\t\t\t\t\t<span class=\"elementor-button-content-wrapper\">\n\t\t\t\t\t\t\t\t\t<span class=\"elementor-button-text\">Bisita gaitzazu<\/span>\n\t\t\t\t\t<\/span>\n\t\t\t\t\t<\/a>\n\t\t\t\t<\/div>\n\t\t\t\t\t\t\t\t<\/div>\n\t\t\t\t<\/div>\n\t\t\t\t\t<\/div>\n\t\t<\/div>\n\t\t\t\t\t<\/div>\n\t\t<\/section>\n\t\t\t\t<\/div>","protected":false},"excerpt":{"rendered":"<p>Servicios Nuestros servicios Corte Masculino 18\u20ac Corte de pelo ya sea a tijera largo, media melena, estilos cortos y apurados fade. Corte Solo Maquina 16\u20ac Corte entero a m\u00e1quina. Corte Repaso 15\u20ac Corte repaso de anterior corte con no m\u00e1s de 15 d\u00edas. Dise\u00f1o de Barba 16\u20ac Dise\u00f1o completo de la barba respetando el visagismo [&hellip;]<\/p>\n","protected":false},"author":1,"featured_media":0,"parent":0,"menu_order":0,"comment_status":"closed","ping_status":"closed","template":"elementor_canvas","meta":{"footnotes":""},"class_list":["post-12","page","type-page","status-publish","hentry"],"yoast_head":"<!-- This site is optimized with the Yoast SEO plugin v27.5 - https:\/\/yoast.com\/product\/yoast-seo-wordpress\/ -->\n<title>Servicios - KB Barber Shop<\/title>\n<meta name=\"robots\" content=\"index, follow, max-snippet:-1, max-image-preview:large, max-video-preview:-1\" \/>\n<link rel=\"canonical\" href=\"https:\/\/kbarbershop.es\/eu\/servicios\/\" \/>\n<meta property=\"og:locale\" content=\"en_US\" \/>\n<meta property=\"og:type\" content=\"article\" \/>\n<meta property=\"og:title\" content=\"Servicios - KB Barber Shop\" \/>\n<meta property=\"og:description\" content=\"Servicios Nuestros servicios Corte Masculino 18\u20ac Corte de pelo ya sea a tijera largo, media melena, estilos cortos y apurados fade. Corte Solo Maquina 16\u20ac Corte entero a m\u00e1quina. Corte Repaso 15\u20ac Corte repaso de anterior corte con no m\u00e1s de 15 d\u00edas. Dise\u00f1o de Barba 16\u20ac Dise\u00f1o completo de la barba respetando el visagismo [&hellip;]\" \/>\n<meta property=\"og:url\" content=\"https:\/\/kbarbershop.es\/eu\/servicios\/\" \/>\n<meta property=\"og:site_name\" content=\"KB Barber Shop\" \/>\n<meta property=\"article:modified_time\" content=\"2025-03-17T16:51:54+00:00\" \/>\n<meta property=\"og:image\" content=\"https:\/\/kbarbershop.es\/wp-content\/uploads\/2025\/03\/Captura-desde-2025-03-05-11-39-09.png\" \/>\n\t<meta property=\"og:image:width\" content=\"723\" \/>\n\t<meta property=\"og:image:height\" content=\"937\" \/>\n\t<meta property=\"og:image:type\" content=\"image\/png\" \/>\n<meta name=\"twitter:card\" content=\"summary_large_image\" \/>\n<meta name=\"twitter:label1\" content=\"Est. reading time\" \/>\n\t<meta name=\"twitter:data1\" content=\"1 minutua\" \/>\n<script type=\"application\/ld+json\" class=\"yoast-schema-graph\">{\"@context\":\"https:\\\/\\\/schema.org\",\"@graph\":[{\"@type\":\"WebPage\",\"@id\":\"https:\\\/\\\/kbarbershop.es\\\/servicios\\\/\",\"url\":\"https:\\\/\\\/kbarbershop.es\\\/servicios\\\/\",\"name\":\"Servicios - KB Barber Shop\",\"isPartOf\":{\"@id\":\"https:\\\/\\\/kbarbershop.es\\\/#website\"},\"primaryImageOfPage\":{\"@id\":\"https:\\\/\\\/kbarbershop.es\\\/servicios\\\/#primaryimage\"},\"image\":{\"@id\":\"https:\\\/\\\/kbarbershop.es\\\/servicios\\\/#primaryimage\"},\"thumbnailUrl\":\"https:\\\/\\\/kbarbershop.es\\\/wp-content\\\/uploads\\\/2025\\\/03\\\/Captura-desde-2025-03-05-11-39-09.png\",\"datePublished\":\"2024-10-09T11:35:41+00:00\",\"dateModified\":\"2025-03-17T16:51:54+00:00\",\"breadcrumb\":{\"@id\":\"https:\\\/\\\/kbarbershop.es\\\/servicios\\\/#breadcrumb\"},\"inLanguage\":\"eu\",\"potentialAction\":[{\"@type\":\"ReadAction\",\"target\":[\"https:\\\/\\\/kbarbershop.es\\\/servicios\\\/\"]}]},{\"@type\":\"ImageObject\",\"inLanguage\":\"eu\",\"@id\":\"https:\\\/\\\/kbarbershop.es\\\/servicios\\\/#primaryimage\",\"url\":\"https:\\\/\\\/kbarbershop.es\\\/wp-content\\\/uploads\\\/2025\\\/03\\\/Captura-desde-2025-03-05-11-39-09.png\",\"contentUrl\":\"https:\\\/\\\/kbarbershop.es\\\/wp-content\\\/uploads\\\/2025\\\/03\\\/Captura-desde-2025-03-05-11-39-09.png\"},{\"@type\":\"BreadcrumbList\",\"@id\":\"https:\\\/\\\/kbarbershop.es\\\/servicios\\\/#breadcrumb\",\"itemListElement\":[{\"@type\":\"ListItem\",\"position\":1,\"name\":\"Portada\",\"item\":\"https:\\\/\\\/kbarbershop.es\\\/\"},{\"@type\":\"ListItem\",\"position\":2,\"name\":\"Servicios\"}]},{\"@type\":\"WebSite\",\"@id\":\"https:\\\/\\\/kbarbershop.es\\\/#website\",\"url\":\"https:\\\/\\\/kbarbershop.es\\\/\",\"name\":\"KB Barber Shop\",\"description\":\"Una barber\u00eda al estilo industrial retro\",\"publisher\":{\"@id\":\"https:\\\/\\\/kbarbershop.es\\\/#organization\"},\"potentialAction\":[{\"@type\":\"SearchAction\",\"target\":{\"@type\":\"EntryPoint\",\"urlTemplate\":\"https:\\\/\\\/kbarbershop.es\\\/?s={search_term_string}\"},\"query-input\":{\"@type\":\"PropertyValueSpecification\",\"valueRequired\":true,\"valueName\":\"search_term_string\"}}],\"inLanguage\":\"eu\"},{\"@type\":\"Organization\",\"@id\":\"https:\\\/\\\/kbarbershop.es\\\/#organization\",\"name\":\"KB Barber Shop\",\"url\":\"https:\\\/\\\/kbarbershop.es\\\/\",\"logo\":{\"@type\":\"ImageObject\",\"inLanguage\":\"eu\",\"@id\":\"https:\\\/\\\/kbarbershop.es\\\/#\\\/schema\\\/logo\\\/image\\\/\",\"url\":\"https:\\\/\\\/kbarbershop.es\\\/wp-content\\\/uploads\\\/2025\\\/03\\\/cropped-logoapaisado.png\",\"contentUrl\":\"https:\\\/\\\/kbarbershop.es\\\/wp-content\\\/uploads\\\/2025\\\/03\\\/cropped-logoapaisado.png\",\"width\":1356,\"height\":578,\"caption\":\"KB Barber Shop\"},\"image\":{\"@id\":\"https:\\\/\\\/kbarbershop.es\\\/#\\\/schema\\\/logo\\\/image\\\/\"}}]}<\/script>\n<!-- \/ Yoast SEO plugin. -->","yoast_head_json":{"title":"Servicios - KB Barber Shop","robots":{"index":"index","follow":"follow","max-snippet":"max-snippet:-1","max-image-preview":"max-image-preview:large","max-video-preview":"max-video-preview:-1"},"canonical":"https:\/\/kbarbershop.es\/eu\/servicios\/","og_locale":"en_US","og_type":"article","og_title":"Servicios - KB Barber Shop","og_description":"Servicios Nuestros servicios Corte Masculino 18\u20ac Corte de pelo ya sea a tijera largo, media melena, estilos cortos y apurados fade. Corte Solo Maquina 16\u20ac Corte entero a m\u00e1quina. Corte Repaso 15\u20ac Corte repaso de anterior corte con no m\u00e1s de 15 d\u00edas. Dise\u00f1o de Barba 16\u20ac Dise\u00f1o completo de la barba respetando el visagismo [&hellip;]","og_url":"https:\/\/kbarbershop.es\/eu\/servicios\/","og_site_name":"KB Barber Shop","article_modified_time":"2025-03-17T16:51:54+00:00","og_image":[{"width":723,"height":937,"url":"https:\/\/kbarbershop.es\/wp-content\/uploads\/2025\/03\/Captura-desde-2025-03-05-11-39-09.png","type":"image\/png"}],"twitter_card":"summary_large_image","twitter_misc":{"Est. reading time":"1 minutua"},"schema":{"@context":"https:\/\/schema.org","@graph":[{"@type":"WebPage","@id":"https:\/\/kbarbershop.es\/servicios\/","url":"https:\/\/kbarbershop.es\/servicios\/","name":"Servicios - KB Barber Shop","isPartOf":{"@id":"https:\/\/kbarbershop.es\/#website"},"primaryImageOfPage":{"@id":"https:\/\/kbarbershop.es\/servicios\/#primaryimage"},"image":{"@id":"https:\/\/kbarbershop.es\/servicios\/#primaryimage"},"thumbnailUrl":"https:\/\/kbarbershop.es\/wp-content\/uploads\/2025\/03\/Captura-desde-2025-03-05-11-39-09.png","datePublished":"2024-10-09T11:35:41+00:00","dateModified":"2025-03-17T16:51:54+00:00","breadcrumb":{"@id":"https:\/\/kbarbershop.es\/servicios\/#breadcrumb"},"inLanguage":"eu","potentialAction":[{"@type":"ReadAction","target":["https:\/\/kbarbershop.es\/servicios\/"]}]},{"@type":"ImageObject","inLanguage":"eu","@id":"https:\/\/kbarbershop.es\/servicios\/#primaryimage","url":"https:\/\/kbarbershop.es\/wp-content\/uploads\/2025\/03\/Captura-desde-2025-03-05-11-39-09.png","contentUrl":"https:\/\/kbarbershop.es\/wp-content\/uploads\/2025\/03\/Captura-desde-2025-03-05-11-39-09.png"},{"@type":"BreadcrumbList","@id":"https:\/\/kbarbershop.es\/servicios\/#breadcrumb","itemListElement":[{"@type":"ListItem","position":1,"name":"Portada","item":"https:\/\/kbarbershop.es\/"},{"@type":"ListItem","position":2,"name":"Servicios"}]},{"@type":"WebSite","@id":"https:\/\/kbarbershop.es\/#website","url":"https:\/\/kbarbershop.es\/","name":"KB Barber Shop","description":"Una barber\u00eda al estilo industrial retro","publisher":{"@id":"https:\/\/kbarbershop.es\/#organization"},"potentialAction":[{"@type":"SearchAction","target":{"@type":"EntryPoint","urlTemplate":"https:\/\/kbarbershop.es\/?s={search_term_string}"},"query-input":{"@type":"PropertyValueSpecification","valueRequired":true,"valueName":"search_term_string"}}],"inLanguage":"eu"},{"@type":"Organization","@id":"https:\/\/kbarbershop.es\/#organization","name":"KB Barber Shop","url":"https:\/\/kbarbershop.es\/","logo":{"@type":"ImageObject","inLanguage":"eu","@id":"https:\/\/kbarbershop.es\/#\/schema\/logo\/image\/","url":"https:\/\/kbarbershop.es\/wp-content\/uploads\/2025\/03\/cropped-logoapaisado.png","contentUrl":"https:\/\/kbarbershop.es\/wp-content\/uploads\/2025\/03\/cropped-logoapaisado.png","width":1356,"height":578,"caption":"KB Barber Shop"},"image":{"@id":"https:\/\/kbarbershop.es\/#\/schema\/logo\/image\/"}}]}},"_links":{"self":[{"href":"https:\/\/kbarbershop.es\/eu\/wp-json\/wp\/v2\/pages\/12","targetHints":{"allow":["GET"]}}],"collection":[{"href":"https:\/\/kbarbershop.es\/eu\/wp-json\/wp\/v2\/pages"}],"about":[{"href":"https:\/\/kbarbershop.es\/eu\/wp-json\/wp\/v2\/types\/page"}],"author":[{"embeddable":true,"href":"https:\/\/kbarbershop.es\/eu\/wp-json\/wp\/v2\/users\/1"}],"replies":[{"embeddable":true,"href":"https:\/\/kbarbershop.es\/eu\/wp-json\/wp\/v2\/comments?post=12"}],"version-history":[{"count":126,"href":"https:\/\/kbarbershop.es\/eu\/wp-json\/wp\/v2\/pages\/12\/revisions"}],"predecessor-version":[{"id":2047,"href":"https:\/\/kbarbershop.es\/eu\/wp-json\/wp\/v2\/pages\/12\/revisions\/2047"}],"wp:attachment":[{"href":"https:\/\/kbarbershop.es\/eu\/wp-json\/wp\/v2\/media?parent=12"}],"curies":[{"name":"wp","href":"https:\/\/api.w.org\/{rel}","templated":true}]}}